{"id":2,"date":"2013-10-20T06:46:43","date_gmt":"2013-10-20T06:46:43","guid":{"rendered":"http:\/\/www.dunaharasztiovoda.eutamogatas.org.hu\/?page_id=2"},"modified":"2013-10-20T11:59:47","modified_gmt":"2013-10-20T11:59:47","slug":"ez-egy-minta-oldal","status":"publish","type":"page","link":"http:\/\/www.dunaharasztiovoda.eutamogatas.org.hu\/","title":{"rendered":"A beruh\u00e1z\u00e1s"},"content":{"rendered":"<p>A fejleszt\u00e9s keret\u00e9ben Dunaharaszti Kertv\u00e1ros v\u00e1rosr\u00e9sz\u00e9ben megval\u00f3sul a\u00a0Mese \u00d3voda fejleszt\u00e9se az \u00faj Sziv\u00e1rv\u00e1ny \u00d3voda tagint\u00e9zm\u00e9ny l\u00e9trehoz\u00e1s\u00e1val,\u00a06 csoportos, 120 f\u00e9r\u0151helyes \u00faj \u00e9p\u00fclet \u00e9p\u00edt\u00e9s\u00e9vel. Az \u00faj \u00e9p\u00fclet \u00e9p\u00edt\u00e9se mellett megval\u00f3sul a k\u00fcls\u0151 t\u00e9r fejleszt\u00e9se parkol\u00f3helyek kialak\u00edt\u00e1s\u00e1val, valamint a meg\u00fajul\u00f3 energiaforr\u00e1sok ig\u00e9nybe v\u00e9tele \u00e9rdek\u00e9ben napelemes-napkollektoros rendszer ki\u00e9p\u00edt\u00e9se.<br \/>\nA projekt eredm\u00e9nyek\u00e9nt az \u00f3vodai f\u00e9r\u0151helyek sz\u00e1ma int\u00e9zm\u00e9nyi szinten 788-r\u00f3l 908-ra emelkedik<\/p>\n<p><a href=\"http:\/\/www.nfu.hu\/\" target=\"_blank\"><img loading=\"lazy\" class=\"alignnone size-medium wp-image-20\" alt=\"NFU_logo_thn\" src=\"http:\/\/www.dunaharasztiovoda.eutamogatas.org.hu\/wp-content\/uploads\/2013\/10\/NFU_logo_thn-300x297.png\" width=\"300\" height=\"297\" srcset=\"http:\/\/www.dunaharasztiovoda.eutamogatas.org.hu\/wp-content\/uploads\/2013\/10\/NFU_logo_thn-300x297.png 300w, http:\/\/www.dunaharasztiovoda.eutamogatas.org.hu\/wp-content\/uploads\/2013\/10\/NFU_logo_thn-150x150.png 150w, http:\/\/www.dunaharasztiovoda.eutamogatas.org.hu\/wp-content\/uploads\/2013\/10\/NFU_logo_thn-302x300.png 302w, http:\/\/www.dunaharasztiovoda.eutamogatas.org.hu\/wp-content\/uploads\/2013\/10\/NFU_logo_thn.png 423w\" sizes=\"(max-width: 300px) 100vw, 300px\" \/><\/a>.<\/p>\n","protected":false},"excerpt":{"rendered":"<p>A fejleszt\u00e9s keret\u00e9ben Dunaharaszti Kertv\u00e1ros v\u00e1rosr\u00e9sz\u00e9ben megval\u00f3sul a\u00a0Mese \u00d3voda fejleszt\u00e9se az \u00faj Sziv\u00e1rv\u00e1ny \u00d3voda tagint\u00e9zm\u00e9ny l\u00e9trehoz\u00e1s\u00e1val,\u00a06 csoportos, 120 f\u00e9r\u0151helyes \u00faj \u00e9p\u00fclet \u00e9p\u00edt\u00e9s\u00e9vel. Az \u00faj \u00e9p\u00fclet \u00e9p\u00edt\u00e9se mellett megval\u00f3sul a k\u00fcls\u0151 t\u00e9r fejleszt\u00e9se parkol\u00f3helyek kialak\u00edt\u00e1s\u00e1val, valamint a meg\u00fajul\u00f3 energiaforr\u00e1sok ig\u00e9nybe v\u00e9tele &hellip; <a href=\"http:\/\/www.dunaharasztiovoda.eutamogatas.org.hu\/\">Folytat\u00e1s <span class=\"meta-nav\">&rarr;<\/span><\/a><\/p>\n","protected":false},"author":1,"featured_media":0,"parent":0,"menu_order":0,"comment_status":"open","ping_status":"open","template":"","meta":[],"_links":{"self":[{"href":"http:\/\/www.dunaharasztiovoda.eutamogatas.org.hu\/index.php?rest_route=\/wp\/v2\/pages\/2"}],"collection":[{"href":"http:\/\/www.dunaharasztiovoda.eutamogatas.org.hu\/index.php?rest_route=\/wp\/v2\/pages"}],"about":[{"href":"http:\/\/www.dunaharasztiovoda.eutamogatas.org.hu\/index.php?rest_route=\/wp\/v2\/types\/page"}],"author":[{"embeddable":true,"href":"http:\/\/www.dunaharasztiovoda.eutamogatas.org.hu\/index.php?rest_route=\/wp\/v2\/users\/1"}],"replies":[{"embeddable":true,"href":"http:\/\/www.dunaharasztiovoda.eutamogatas.org.hu\/index.php?rest_route=%2Fwp%2Fv2%2Fcomments&post=2"}],"version-history":[{"count":3,"href":"http:\/\/www.dunaharasztiovoda.eutamogatas.org.hu\/index.php?rest_route=\/wp\/v2\/pages\/2\/revisions"}],"predecessor-version":[{"id":21,"href":"http:\/\/www.dunaharasztiovoda.eutamogatas.org.hu\/index.php?rest_route=\/wp\/v2\/pages\/2\/revisions\/21"}],"wp:attachment":[{"href":"http:\/\/www.dunaharasztiovoda.eutamogatas.org.hu\/index.php?rest_route=%2Fwp%2Fv2%2Fmedia&parent=2"}],"curies":[{"name":"wp","href":"https:\/\/api.w.org\/{rel}","templated":true}]}}