{"id":6,"date":"2013-10-20T11:44:46","date_gmt":"2013-10-20T11:44:46","guid":{"rendered":"http:\/\/www.dunaharasztiovoda.eutamogatas.org.hu\/?page_id=6"},"modified":"2013-10-20T11:57:27","modified_gmt":"2013-10-20T11:57:27","slug":"a-tamogatas","status":"publish","type":"page","link":"http:\/\/www.dunaharasztiovoda.eutamogatas.org.hu\/?page_id=6","title":{"rendered":"A t\u00e1mogat\u00e1s"},"content":{"rendered":"<div style=\"text-align: left;\">\n<p><strong>Projekt megnevez\u00e9se:<\/strong> Dunaharaszti, Mese \u00d3voda fejleszt\u00e9se a Sziv\u00e1rv\u00e1ny \u00d3voda\u00a0tagint\u00e9zm\u00e9ny l\u00e9trehoz\u00e1s\u00e1val, 6 csoportos \u00faj \u00e9p\u00fclet \u00e9p\u00edt\u00e9s\u00e9vel<\/p>\n<p><strong>Kedvezm\u00e9nyezett:<\/strong> Dunaharaszti V\u00e1ros \u00d6nkorm\u00e1nyzata<\/p>\n<p><strong>Szerz\u0151d\u00e9s hat\u00e1lyba l\u00e9p\u00e9s\u00e9nek d\u00e1tuma:<\/strong> 2012.12.13<\/p>\n<p><strong>Konstrukci\u00f3 sz\u00e1ma:<\/strong> KMOP-4.6.1-11<\/p>\n<p><strong>A projekt azonos\u00edt\u00f3 sz\u00e1ma:<\/strong> KMOP-4.6.1-11-2012-0025<\/p>\n<p><strong>T\u00e1mogat\u00e1s \u00f6sszege:<\/strong> 199 999 999 Ft<\/p>\n<p><strong>A projekt elsz\u00e1molhat\u00f3 k\u00f6lts\u00e9ge:<\/strong> 210 526 315 Ft<\/p>\n<p><strong>Projekt id\u0151tartama (tervezett):<\/strong> 2013.09.30-2014.09.30<\/p>\n<p><strong>K\u00f6zrem\u0171k\u00f6d\u0151 szervezet:<\/strong> <a href=\"http:\/\/magzrt.hu\/\" target=\"_blank\">MAG- Magyar Gazdas\u00e1gfejleszt\u00e9si K\u00f6zpont Zrt<\/a><\/p>\n<\/div>\n","protected":false},"excerpt":{"rendered":"<p>Projekt megnevez\u00e9se: Dunaharaszti, Mese \u00d3voda fejleszt\u00e9se a Sziv\u00e1rv\u00e1ny \u00d3voda\u00a0tagint\u00e9zm\u00e9ny l\u00e9trehoz\u00e1s\u00e1val, 6 csoportos \u00faj \u00e9p\u00fclet \u00e9p\u00edt\u00e9s\u00e9vel Kedvezm\u00e9nyezett: Dunaharaszti V\u00e1ros \u00d6nkorm\u00e1nyzata Szerz\u0151d\u00e9s hat\u00e1lyba l\u00e9p\u00e9s\u00e9nek d\u00e1tuma: 2012.12.13 Konstrukci\u00f3 sz\u00e1ma: KMOP-4.6.1-11 A projekt azonos\u00edt\u00f3 sz\u00e1ma: KMOP-4.6.1-11-2012-0025 T\u00e1mogat\u00e1s \u00f6sszege: 199 999 999 Ft A projekt &hellip; <a href=\"http:\/\/www.dunaharasztiovoda.eutamogatas.org.hu\/?page_id=6\">Folytat\u00e1s <span class=\"meta-nav\">&rarr;<\/span><\/a><\/p>\n","protected":false},"author":1,"featured_media":0,"parent":0,"menu_order":0,"comment_status":"open","ping_status":"open","template":"","meta":[],"_links":{"self":[{"href":"http:\/\/www.dunaharasztiovoda.eutamogatas.org.hu\/index.php?rest_route=\/wp\/v2\/pages\/6"}],"collection":[{"href":"http:\/\/www.dunaharasztiovoda.eutamogatas.org.hu\/index.php?rest_route=\/wp\/v2\/pages"}],"about":[{"href":"http:\/\/www.dunaharasztiovoda.eutamogatas.org.hu\/index.php?rest_route=\/wp\/v2\/types\/page"}],"author":[{"embeddable":true,"href":"http:\/\/www.dunaharasztiovoda.eutamogatas.org.hu\/index.php?rest_route=\/wp\/v2\/users\/1"}],"replies":[{"embeddable":true,"href":"http:\/\/www.dunaharasztiovoda.eutamogatas.org.hu\/index.php?rest_route=%2Fwp%2Fv2%2Fcomments&post=6"}],"version-history":[{"count":4,"href":"http:\/\/www.dunaharasztiovoda.eutamogatas.org.hu\/index.php?rest_route=\/wp\/v2\/pages\/6\/revisions"}],"predecessor-version":[{"id":19,"href":"http:\/\/www.dunaharasztiovoda.eutamogatas.org.hu\/index.php?rest_route=\/wp\/v2\/pages\/6\/revisions\/19"}],"wp:attachment":[{"href":"http:\/\/www.dunaharasztiovoda.eutamogatas.org.hu\/index.php?rest_route=%2Fwp%2Fv2%2Fmedia&parent=6"}],"curies":[{"name":"wp","href":"https:\/\/api.w.org\/{rel}","templated":true}]}}